{"id":1053,"date":"2016-12-14T11:46:49","date_gmt":"2016-12-14T11:46:49","guid":{"rendered":"http:\/\/tehopartners.ee\/?page_id=1053"},"modified":"2026-03-11T12:17:23","modified_gmt":"2026-03-11T12:17:23","slug":"ceny-2","status":"publish","type":"page","link":"https:\/\/tehopartners.ee\/et\/hinnad\/","title":{"rendered":"Hinnad"},"content":{"rendered":"<section class=\"wpb-content-wrapper\"><p>[vc_row][vc_column][vc_column_text]<\/p>\n<div class=\"container\">\n<div class=\"row\">\n<div class=\"col\">\n<table class=\"table-responsive\">\n<tbody>\n<tr>\n<td><span style=\"font-size: 13pt;\">TEENUS<\/span><\/td>\n<td><\/td>\n<td><span style=\"font-size: 13pt;\">HIND \u20ac\u00a0<\/span><\/td>\n<\/tr>\n<tr>\n<td><span style=\"font-size: 13pt;\">Lukksepat\u00f6\u00f6d\u00a0(s\u00f5iduautod)<\/span><\/td>\n<td><span style=\"font-size: 13pt;\">tund<\/span><\/td>\n<td><span style=\"font-size: 13pt;\">50.00<\/span><\/td>\n<\/tr>\n<tr>\n<td><span style=\"font-size: 13pt;\">Elektriku\u00a0t\u00f6\u00f6d<\/span><\/td>\n<td><span style=\"font-size: 13pt;\">tund<\/span><\/td>\n<td><span style=\"font-size: 13pt;\">50.00<\/span><\/td>\n<\/tr>\n<tr>\n<td><span style=\"font-size: 13pt;\">Motoristi\u00a0t\u00f6\u00f6d<\/span><\/td>\n<td><span style=\"font-size: 13pt;\">tund<\/span><\/td>\n<td><span style=\"font-size: 13pt;\">50.00<\/span><\/td>\n<\/tr>\n<tr>\n<td><span style=\"font-size: 13pt;\">Veakoodide\u00a0lugemine<\/span><\/td>\n<td><span style=\"font-size: 13pt;\">alates<\/span><\/td>\n<td><span style=\"font-size: 13pt;\">25.00<\/span><\/td>\n<\/tr>\n<tr>\n<td><span style=\"font-size: 13pt;\">Diagnostika<\/span><\/td>\n<td><\/td>\n<td><span style=\"font-size: 13pt;\">50.00<\/span><\/td>\n<\/tr>\n<tr>\n<td><span style=\"font-size: 13pt;\">Veermiku\u00a0kontroll<\/span><\/td>\n<td><\/td>\n<td><span style=\"font-size: 13pt;\">25.00<\/span><\/td>\n<\/tr>\n<tr>\n<td><span style=\"font-size: 13pt;\">D\u00fcnaamiline automaatk\u00e4igukasti \u00f5livahetus<\/span><\/td>\n<td><span style=\"font-size: 13pt;\">alates<\/span><\/td>\n<td><span style=\"font-size: 13pt;\">100.00<\/span><\/td>\n<\/tr>\n<tr>\n<td><span style=\"font-size: 13pt;\">Konditsioneeri t\u00e4itmine<\/span><\/td>\n<td><\/td>\n<td><span style=\"font-size: 13pt;\">50.00<\/span><\/td>\n<\/tr>\n<tr>\n<td><span style=\"font-size: 13pt;\">Rehvide\u00a0(4tk)\u00a0vahetus\u00a0s\u00f5iduautol\u00a013\u2033\u00a0\u2013\u00a016\u2033<\/span><\/td>\n<td><span style=\"font-size: 13pt;\">alates<\/span><\/td>\n<td><span style=\"font-size: 13pt;\">55.00<\/span><\/td>\n<\/tr>\n<tr>\n<td><span style=\"font-size: 13pt;\">Rehvide\u00a0(4tk)\u00a0vahetus\u00a0s\u00f5iduautol\u00a017\u2033<\/span><\/td>\n<td><span style=\"font-size: 13pt;\">alates<\/span><\/td>\n<td><span style=\"font-size: 13pt;\">60.00<\/span><\/td>\n<\/tr>\n<tr>\n<td><span style=\"font-size: 13pt;\">Rehvide (4tk) vahetus s\u00f5iduautol 18\u2033<\/span><\/td>\n<td><span style=\"font-size: 13pt;\">alates<\/span><\/td>\n<td><span style=\"font-size: 13pt;\">65.00<\/span><\/td>\n<\/tr>\n<tr>\n<td><span style=\"font-size: 13pt;\">Rehvide\u00a0(4tk)\u00a0vahetus\u00a0kaubikul,\u00a0maasturil\u00a014\u2033\u00a0\u2013\u00a016\u2033<\/span><\/td>\n<td><span style=\"font-size: 13pt;\">alates<\/span><\/td>\n<td><span style=\"font-size: 13pt;\">70.00<\/span><\/td>\n<\/tr>\n<tr>\n<td><span style=\"font-size: 13pt;\">Rehvide (4tk) vahetus kaubikul, maasturil 17\u2033<\/span><\/td>\n<td><span style=\"font-size: 13pt;\">alates<\/span><\/td>\n<td><span style=\"font-size: 13pt;\">75.00<\/span><\/td>\n<\/tr>\n<tr>\n<td><span style=\"font-size: 13pt;\">Rehvide (4tk) vahetus kaubikul, maasturil 18\u2033<\/span><\/td>\n<td><\/td>\n<td><span style=\"font-size: 13pt;\">80.00<\/span><\/td>\n<\/tr>\n<tr>\n<td><span style=\"font-size: 13pt;\">Esisilla\u00a0kontroll\u00a0ja\u00a0reguleerimine\u00a0pakiautol<\/span><\/td>\n<td><span style=\"font-size: 13pt;\">alates<\/span><\/td>\n<td><span style=\"font-size: 13pt;\">40.00<\/span><\/td>\n<\/tr>\n<tr>\n<td><span style=\"font-size: 13pt;\">\u00d5livahetus, kliendi \u00f5li<\/span><\/td>\n<td><\/td>\n<td><span style=\"font-size: 13pt;\">30.00<\/span><\/td>\n<\/tr>\n<tr>\n<td><span style=\"font-size: 13pt;\">\u00d5livahetus, meie \u00f5li<\/span><\/td>\n<td><\/td>\n<td><span style=\"font-size: 13pt;\">25.00<\/span><\/td>\n<\/tr>\n<tr>\n<td><span style=\"font-size: 13pt;\">Servisen\u00e4idu nullimine<\/span><\/td>\n<td><\/td>\n<td><span style=\"font-size: 13pt;\">7.00<\/span><\/td>\n<\/tr>\n<\/tbody>\n<\/table>\n<p>&nbsp;<\/p>\n<\/div>\n<\/div>\n<\/div>\n<p>[\/vc_column_text][\/vc_column][\/vc_row]<\/p>\n<\/section>","protected":false},"excerpt":{"rendered":"<p>[vc_row][vc_column][vc_column_text] TEENUS HIND \u20ac\u00a0 Lukksepat\u00f6\u00f6d\u00a0(s\u00f5iduautod) tund 50.00 Elektriku\u00a0t\u00f6\u00f6d tund 50.00 Motoristi\u00a0t\u00f6\u00f6d tund 50.00 Veakoodide\u00a0lugemine alates 25.00 Diagnostika 50.00 Veermiku\u00a0kontroll 25.00 D\u00fcnaamiline automaatk\u00e4igukasti \u00f5livahetus alates 100.00 Konditsioneeri t\u00e4itmine 50.00 Rehvide\u00a0(4tk)\u00a0vahetus\u00a0s\u00f5iduautol\u00a013\u2033\u00a0\u2013\u00a016\u2033 alates 55.00 Rehvide\u00a0(4tk)\u00a0vahetus\u00a0s\u00f5iduautol\u00a017\u2033 alates 60.00 Rehvide (4tk) vahetus s\u00f5iduautol 18\u2033 alates 65.00 Rehvide\u00a0(4tk)\u00a0vahetus\u00a0kaubikul,\u00a0maasturil\u00a014\u2033\u00a0\u2013\u00a016\u2033 alates 70.00 Rehvide (4tk) vahetus kaubikul, maasturil 17\u2033 alates 75.00 Rehvide (4tk) vahetus [&hellip;]<\/p>\n","protected":false},"author":1,"featured_media":0,"parent":0,"menu_order":0,"comment_status":"closed","ping_status":"closed","template":"","meta":[],"_links":{"self":[{"href":"https:\/\/tehopartners.ee\/et\/wp-json\/wp\/v2\/pages\/1053"}],"collection":[{"href":"https:\/\/tehopartners.ee\/et\/wp-json\/wp\/v2\/pages"}],"about":[{"href":"https:\/\/tehopartners.ee\/et\/wp-json\/wp\/v2\/types\/page"}],"author":[{"embeddable":true,"href":"https:\/\/tehopartners.ee\/et\/wp-json\/wp\/v2\/users\/1"}],"replies":[{"embeddable":true,"href":"https:\/\/tehopartners.ee\/et\/wp-json\/wp\/v2\/comments?post=1053"}],"version-history":[{"count":6,"href":"https:\/\/tehopartners.ee\/et\/wp-json\/wp\/v2\/pages\/1053\/revisions"}],"predecessor-version":[{"id":2171,"href":"https:\/\/tehopartners.ee\/et\/wp-json\/wp\/v2\/pages\/1053\/revisions\/2171"}],"wp:attachment":[{"href":"https:\/\/tehopartners.ee\/et\/wp-json\/wp\/v2\/media?parent=1053"}],"curies":[{"name":"wp","href":"https:\/\/api.w.org\/{rel}","templated":true}]}}