{"id":144,"date":"2016-06-20T07:50:14","date_gmt":"2016-06-20T07:50:14","guid":{"rendered":"http:\/\/sw-themes.com\/porto_dummy\/?page_id=144"},"modified":"2017-06-17T23:15:21","modified_gmt":"2017-06-17T23:15:21","slug":"blog","status":"publish","type":"page","link":"https:\/\/tehopartners.ee\/fi\/palvelut-2\/","title":{"rendered":"Palvelut"},"content":{"rendered":"<section class=\"wpb-content-wrapper\"><p>[vc_row][vc_column]\t\r\n\t<div class=\"sp_wpspwpost_static wpspw-design-26 wpspw-grid-1 wpspw-clearfix\">\r\n\t\t\r\n\t\t\r\n<div class=\"wpspw-post-list\">\r\n\r\n\t<div class=\"wpspw-post-list-content\">\r\n\r\n\t\t\t\t\t\r\n\t\t\t<div class=\"wpspw-medium-4 wpspw-columns\">\r\n\r\n\t\t\t\t<div class=\"wpspw-post-image-bg\" style=\"\">\r\n\t\t\t\r\n\t\t\t\t\t<a href=\"https:\/\/tehopartners.ee\/fi\/varaosamyynti\/\" target=\"_self\">\r\n\t\t\t\r\n\t\t\t\t\t\t<img src=\"https:\/\/tehopartners.ee\/wp-content\/uploads\/2016\/11\/z4.jpg\" alt=\"Varaosamyynti\" \/>\r\n\t\t\t\t\t<\/a>\r\n\t\t\t\t<\/div><!-- end .wpspw-post-image-bg -->\r\n\t\t\t<\/div><!-- end .wpspw-medium-4 -->\r\n\t\t\r\n\t\t<div class=\"wpspw-medium-8 wpspw-columns\">\r\n\t\t\t\r\n\t\t\t\r\n\t\t\t<h2 class=\"wpspw-post-title\">\r\n\t\t\t\r\n\t\t\t\t<a href=\"https:\/\/tehopartners.ee\/fi\/varaosamyynti\/\" target=\"_self\">Varaosamyynti<\/a>\r\n\t\t\t<\/h2>\r\n\r\n\t\t\t\r\n\t\t\t\t\t\t\r\n\t\t\t\t<div class=\"wpspw-post-content\">\r\n\t\t\t\r\n\t\t\t\t\t\t\t\t\t\t\t\r\n\t\t\t\t\t\t<div>Tule autolla Tallinnaan, j\u00e4ta auto meille ja saat korjatun auton takaisin sovitulla tavalla. Tarvittaessa voimme tulla itse satamaan ja tuomme korjatun auton terminaaliin sinulle sopivalla ajalla.\r\nViet\u00e4 rentouttava kaupunkiloma Tallinnassa ja saa oma auto kuntoon samalla ajalla.\r\nHuollamme ja korjaamme autosi sinun Tallinnan matkan ajalla!\r\nMeid\u00e4n kanta-asiakaskortti antaa 5% alennusta jokaisesta ostosta ja helpottaa varaosien hakua.\r\nAutohuollojen hinnat alkaen 28 \u20ac<\/div>\r\n\r\n\t\t\t\t\t\t\t\t\t\t<\/div><!-- end .wpspw-post-content -->\r\n\t\t\t\r\n\t\t\t\r\n\t\t<\/div><!-- end .wpspw-columns -->\r\n\t<\/div><!-- end .wpspw-post-list-content -->\r\n<\/div><!-- end .wpspw-post-list -->\r\n<div class=\"wpspw-post-list\">\r\n\r\n\t<div class=\"wpspw-post-list-content\">\r\n\r\n\t\t\t\t\t\r\n\t\t\t<div class=\"wpspw-medium-4 wpspw-columns\">\r\n\r\n\t\t\t\t<div class=\"wpspw-post-image-bg\" style=\"\">\r\n\t\t\t\r\n\t\t\t\t\t<a href=\"https:\/\/tehopartners.ee\/fi\/autohuolto-ja-autokorjaamo\/\" target=\"_self\">\r\n\t\t\t\r\n\t\t\t\t\t\t<img src=\"https:\/\/tehopartners.ee\/wp-content\/uploads\/2016\/11\/obsluzhivanie.jpg\" alt=\"Autohuolto ja autokorjaamo\" \/>\r\n\t\t\t\t\t<\/a>\r\n\t\t\t\t<\/div><!-- end .wpspw-post-image-bg -->\r\n\t\t\t<\/div><!-- end .wpspw-medium-4 -->\r\n\t\t\r\n\t\t<div class=\"wpspw-medium-8 wpspw-columns\">\r\n\t\t\t\r\n\t\t\t\r\n\t\t\t<h2 class=\"wpspw-post-title\">\r\n\t\t\t\r\n\t\t\t\t<a href=\"https:\/\/tehopartners.ee\/fi\/autohuolto-ja-autokorjaamo\/\" target=\"_self\">Autohuolto ja autokorjaamo<\/a>\r\n\t\t\t<\/h2>\r\n\r\n\t\t\t\r\n\t\t\t\t\t\t\r\n\t\t\t\t<div class=\"wpspw-post-content\">\r\n\t\t\t\r\n\t\t\t\t\t\t\t\t\t\t\t\r\n\t\t\t\t\t\t<div>Tule autolla Tallinnaan, j\u00e4ta auto meille ja saat korjatun auton takaisin sovitulla tavalla. Tarvittaessa voimme tulla itse satamaan ja tuomme korjatun auton terminaaliin sinulle sopivalla ajalla.\r\nViet\u00e4 rentouttava kaupunkiloma Tallinnassa ja saa oma auto kuntoon samalla ajalla.\r\nHuollamme ja korjaamme autosi sinun Tallinnan matkan ajalla!\r\nMeid\u00e4n kanta-asiakaskortti antaa 5% alennusta jokaisesta ostosta ja helpottaa varaosien hakua.\r\nAutohuollojen hinnat alkaen 28 \u20ac<\/div>\r\n\r\n\t\t\t\t\t\t\t\t\t\t<\/div><!-- end .wpspw-post-content -->\r\n\t\t\t\r\n\t\t\t\r\n\t\t<\/div><!-- end .wpspw-columns -->\r\n\t<\/div><!-- end .wpspw-post-list-content -->\r\n<\/div><!-- end .wpspw-post-list -->\r\n<div class=\"wpspw-post-list\">\r\n\r\n\t<div class=\"wpspw-post-list-content\">\r\n\r\n\t\t\t\t\t\r\n\t\t\t<div class=\"wpspw-medium-4 wpspw-columns\">\r\n\r\n\t\t\t\t<div class=\"wpspw-post-image-bg\" style=\"\">\r\n\t\t\t\r\n\t\t\t\t\t<a href=\"https:\/\/tehopartners.ee\/fi\/sahkotyot-ja-diagnostiikkatyot\/\" target=\"_self\">\r\n\t\t\t\r\n\t\t\t\t\t\t<img src=\"https:\/\/tehopartners.ee\/wp-content\/uploads\/2016\/11\/diagnostic.jpg\" alt=\"S\u00e4hk\u00f6ty\u00f6t ja diagnostiikkaty\u00f6t\" \/>\r\n\t\t\t\t\t<\/a>\r\n\t\t\t\t<\/div><!-- end .wpspw-post-image-bg -->\r\n\t\t\t<\/div><!-- end .wpspw-medium-4 -->\r\n\t\t\r\n\t\t<div class=\"wpspw-medium-8 wpspw-columns\">\r\n\t\t\t\r\n\t\t\t\r\n\t\t\t<h2 class=\"wpspw-post-title\">\r\n\t\t\t\r\n\t\t\t\t<a href=\"https:\/\/tehopartners.ee\/fi\/sahkotyot-ja-diagnostiikkatyot\/\" target=\"_self\">S\u00e4hk\u00f6ty\u00f6t ja diagnostiikkaty\u00f6t<\/a>\r\n\t\t\t<\/h2>\r\n\r\n\t\t\t\r\n\t\t\t\t\t\t\r\n\t\t\t\t<div class=\"wpspw-post-content\">\r\n\t\t\t\r\n\t\t\t\t\t\t\t\t\t\t\t\r\n\t\t\t\t\t\t<div>Tule autolla Tallinnaan, j\u00e4ta auto meille ja saat korjatun auton takaisin sovitulla tavalla. Tarvittaessa voimme tulla itse satamaan ja tuomme korjatun auton terminaaliin sinulle sopivalla ajalla.\r\nViet\u00e4 rentouttava kaupunkiloma Tallinnassa ja saa oma auto kuntoon samalla ajalla.\r\nHuollamme ja korjaamme autosi sinun Tallinnan matkan ajalla!\r\nMeid\u00e4n kanta-asiakaskortti antaa 5% alennusta jokaisesta ostosta ja helpottaa varaosien hakua.\r\nAutohuollojen hinnat alkaen 28 \u20ac<\/div>\r\n\r\n\t\t\t\t\t\t\t\t\t\t<\/div><!-- end .wpspw-post-content -->\r\n\t\t\t\r\n\t\t\t\r\n\t\t<\/div><!-- end .wpspw-columns -->\r\n\t<\/div><!-- end .wpspw-post-list-content -->\r\n<\/div><!-- end .wpspw-post-list -->\r\n<div class=\"wpspw-post-list\">\r\n\r\n\t<div class=\"wpspw-post-list-content\">\r\n\r\n\t\t\t\t\t\r\n\t\t\t<div class=\"wpspw-medium-4 wpspw-columns\">\r\n\r\n\t\t\t\t<div class=\"wpspw-post-image-bg\" style=\"\">\r\n\t\t\t\r\n\t\t\t\t\t<a href=\"https:\/\/tehopartners.ee\/fi\/rengastyot\/\" target=\"_self\">\r\n\t\t\t\r\n\t\t\t\t\t\t<img src=\"https:\/\/tehopartners.ee\/wp-content\/uploads\/2016\/11\/shin.jpg\" alt=\"Rengasty\u00f6t\" \/>\r\n\t\t\t\t\t<\/a>\r\n\t\t\t\t<\/div><!-- end .wpspw-post-image-bg -->\r\n\t\t\t<\/div><!-- end .wpspw-medium-4 -->\r\n\t\t\r\n\t\t<div class=\"wpspw-medium-8 wpspw-columns\">\r\n\t\t\t\r\n\t\t\t\r\n\t\t\t<h2 class=\"wpspw-post-title\">\r\n\t\t\t\r\n\t\t\t\t<a href=\"https:\/\/tehopartners.ee\/fi\/rengastyot\/\" target=\"_self\">Rengasty\u00f6t<\/a>\r\n\t\t\t<\/h2>\r\n\r\n\t\t\t\r\n\t\t\t\t\t\t\r\n\t\t\t\t<div class=\"wpspw-post-content\">\r\n\t\t\t\r\n\t\t\t\t\t\t\t\t\t\t\t\r\n\t\t\t\t\t\t<div>Tule autolla Tallinnaan, j\u00e4ta auto meille ja saat korjatun auton takaisin sovitulla tavalla. Tarvittaessa voimme tulla itse satamaan ja tuomme korjatun auton terminaaliin sinulle sopivalla ajalla.\r\nViet\u00e4 rentouttava kaupunkiloma Tallinnassa ja saa oma auto kuntoon samalla ajalla.\r\nHuollamme ja korjaamme autosi sinun Tallinnan matkan ajalla!\r\nMeid\u00e4n kanta-asiakaskortti antaa 5% alennusta jokaisesta ostosta ja helpottaa varaosien hakua.\r\nAutohuollojen hinnat alkaen 28 \u20ac<\/div>\r\n\r\n\t\t\t\t\t\t\t\t\t\t<\/div><!-- end .wpspw-post-content -->\r\n\t\t\t\r\n\t\t\t\r\n\t\t<\/div><!-- end .wpspw-columns -->\r\n\t<\/div><!-- end .wpspw-post-list-content -->\r\n<\/div><!-- end .wpspw-post-list -->\r\n<div class=\"wpspw-post-list\">\r\n\r\n\t<div class=\"wpspw-post-list-content\">\r\n\r\n\t\t\t\t\t\r\n\t\t\t<div class=\"wpspw-medium-4 wpspw-columns\">\r\n\r\n\t\t\t\t<div class=\"wpspw-post-image-bg\" style=\"\">\r\n\t\t\t\r\n\t\t\t\t\t<a href=\"https:\/\/tehopartners.ee\/fi\/moottorikorjaukset\/\" target=\"_self\">\r\n\t\t\t\r\n\t\t\t\t\t\t<img src=\"https:\/\/tehopartners.ee\/wp-content\/uploads\/2016\/11\/motor.jpg\" alt=\"Moottorikorjaukset\" \/>\r\n\t\t\t\t\t<\/a>\r\n\t\t\t\t<\/div><!-- end .wpspw-post-image-bg -->\r\n\t\t\t<\/div><!-- end .wpspw-medium-4 -->\r\n\t\t\r\n\t\t<div class=\"wpspw-medium-8 wpspw-columns\">\r\n\t\t\t\r\n\t\t\t\r\n\t\t\t<h2 class=\"wpspw-post-title\">\r\n\t\t\t\r\n\t\t\t\t<a href=\"https:\/\/tehopartners.ee\/fi\/moottorikorjaukset\/\" target=\"_self\">Moottorikorjaukset<\/a>\r\n\t\t\t<\/h2>\r\n\r\n\t\t\t\r\n\t\t\t\t\t\t\r\n\t\t\t\t<div class=\"wpspw-post-content\">\r\n\t\t\t\r\n\t\t\t\t\t\t\t\t\t\t\t\r\n\t\t\t\t\t\t<div>Tule autolla Tallinnaan, j\u00e4ta auto meille ja saat korjatun auton takaisin sovitulla tavalla. Tarvittaessa voimme tulla itse satamaan ja tuomme korjatun auton terminaaliin sinulle sopivalla ajalla.\r\nViet\u00e4 rentouttava kaupunkiloma Tallinnassa ja saa oma auto kuntoon samalla ajalla.\r\nHuollamme ja korjaamme autosi sinun Tallinnan matkan ajalla!\r\nMeid\u00e4n kanta-asiakaskortti antaa 5% alennusta jokaisesta ostosta ja helpottaa varaosien hakua.\r\nAutohuollojen hinnat alkaen 28 \u20ac<\/div>\r\n\r\n\t\t\t\t\t\t\t\t\t\t<\/div><!-- end .wpspw-post-content -->\r\n\t\t\t\r\n\t\t\t\r\n\t\t<\/div><!-- end .wpspw-columns -->\r\n\t<\/div><!-- end .wpspw-post-list-content -->\r\n<\/div><!-- end .wpspw-post-list -->\r\n<div class=\"wpspw-post-list\">\r\n\r\n\t<div class=\"wpspw-post-list-content\">\r\n\r\n\t\t\t\t\t\r\n\t\t\t<div class=\"wpspw-medium-4 wpspw-columns\">\r\n\r\n\t\t\t\t<div class=\"wpspw-post-image-bg\" style=\"\">\r\n\t\t\t\r\n\t\t\t\t\t<a href=\"https:\/\/tehopartners.ee\/fi\/muut-tyot\/\" target=\"_self\">\r\n\t\t\t\r\n\t\t\t\t\t\t<img src=\"https:\/\/tehopartners.ee\/wp-content\/uploads\/2016\/11\/motor2.jpg\" alt=\"Muut ty\u00f6t\" \/>\r\n\t\t\t\t\t<\/a>\r\n\t\t\t\t<\/div><!-- end .wpspw-post-image-bg -->\r\n\t\t\t<\/div><!-- end .wpspw-medium-4 -->\r\n\t\t\r\n\t\t<div class=\"wpspw-medium-8 wpspw-columns\">\r\n\t\t\t\r\n\t\t\t\r\n\t\t\t<h2 class=\"wpspw-post-title\">\r\n\t\t\t\r\n\t\t\t\t<a href=\"https:\/\/tehopartners.ee\/fi\/muut-tyot\/\" target=\"_self\">Muut ty\u00f6t<\/a>\r\n\t\t\t<\/h2>\r\n\r\n\t\t\t\r\n\t\t\t\t\t\t\r\n\t\t\t\t<div class=\"wpspw-post-content\">\r\n\t\t\t\r\n\t\t\t\t\t\t\t\t\t\t\t\r\n\t\t\t\t\t\t<div>Tule autolla Tallinnaan, j\u00e4ta auto meille ja saat korjatun auton takaisin sovitulla tavalla. Tarvittaessa voimme tulla itse satamaan ja tuomme korjatun auton terminaaliin sinulle sopivalla ajalla.\r\nViet\u00e4 rentouttava kaupunkiloma Tallinnassa ja saa oma auto kuntoon samalla ajalla.\r\nHuollamme ja korjaamme autosi sinun Tallinnan matkan ajalla!\r\nMeid\u00e4n kanta-asiakaskortti antaa 5% alennusta jokaisesta ostosta ja helpottaa varaosien hakua.\r\nAutohuollojen hinnat alkaen 28 \u20ac<\/div>\r\n\r\n\t\t\t\t\t\t\t\t\t\t<\/div><!-- end .wpspw-post-content -->\r\n\t\t\t\r\n\t\t\t\r\n\t\t<\/div><!-- end .wpspw-columns -->\r\n\t<\/div><!-- end .wpspw-post-list-content -->\r\n<\/div><!-- end .wpspw-post-list -->\r\n<div class=\"wpspw-post-list\">\r\n\r\n\t<div class=\"wpspw-post-list-content\">\r\n\r\n\t\t\t\t\t\r\n\t\t\t<div class=\"wpspw-medium-4 wpspw-columns\">\r\n\r\n\t\t\t\t<div class=\"wpspw-post-image-bg\" style=\"\">\r\n\t\t\t\r\n\t\t\t\t\t<a href=\"https:\/\/tehopartners.ee\/fi\/ilmastoinnin-tayttohuollot-ja-korjaukset\/\" target=\"_self\">\r\n\t\t\t\r\n\t\t\t\t\t\t<img src=\"https:\/\/tehopartners.ee\/wp-content\/uploads\/2016\/11\/kondic.jpg\" alt=\"Ilmastoinnin t\u00e4ytt\u00f6huollot ja korjaukset\" \/>\r\n\t\t\t\t\t<\/a>\r\n\t\t\t\t<\/div><!-- end .wpspw-post-image-bg -->\r\n\t\t\t<\/div><!-- end .wpspw-medium-4 -->\r\n\t\t\r\n\t\t<div class=\"wpspw-medium-8 wpspw-columns\">\r\n\t\t\t\r\n\t\t\t\r\n\t\t\t<h2 class=\"wpspw-post-title\">\r\n\t\t\t\r\n\t\t\t\t<a href=\"https:\/\/tehopartners.ee\/fi\/ilmastoinnin-tayttohuollot-ja-korjaukset\/\" target=\"_self\">Ilmastoinnin t\u00e4ytt\u00f6huollot ja korjaukset<\/a>\r\n\t\t\t<\/h2>\r\n\r\n\t\t\t\r\n\t\t\t\t\t\t\r\n\t\t\t\t<div class=\"wpspw-post-content\">\r\n\t\t\t\r\n\t\t\t\t\t\t\t\t\t\t\t\r\n\t\t\t\t\t\t<div>Tule autolla Tallinnaan, j\u00e4ta auto meille ja saat korjatun auton takaisin sovitulla tavalla. Tarvittaessa voimme tulla itse satamaan ja tuomme korjatun auton terminaaliin sinulle sopivalla ajalla.\r\nViet\u00e4 rentouttava kaupunkiloma Tallinnassa ja saa oma auto kuntoon samalla ajalla.\r\nHuollamme ja korjaamme autosi sinun Tallinnan matkan ajalla!\r\nMeid\u00e4n kanta-asiakaskortti antaa 5% alennusta jokaisesta ostosta ja helpottaa varaosien hakua.\r\nAutohuollojen hinnat alkaen 28 \u20ac<\/div>\r\n\r\n\t\t\t\t\t\t\t\t\t\t<\/div><!-- end .wpspw-post-content -->\r\n\t\t\t\r\n\t\t\t\r\n\t\t<\/div><!-- end .wpspw-columns -->\r\n\t<\/div><!-- end .wpspw-post-list-content -->\r\n<\/div><!-- end .wpspw-post-list -->\r\n<div class=\"wpspw-post-list\">\r\n\r\n\t<div class=\"wpspw-post-list-content\">\r\n\r\n\t\t\t\t\t\r\n\t\t\t<div class=\"wpspw-medium-4 wpspw-columns\">\r\n\r\n\t\t\t\t<div class=\"wpspw-post-image-bg\" style=\"\">\r\n\t\t\t\r\n\t\t\t\t\t<a href=\"https:\/\/tehopartners.ee\/fi\/egr-venttiilin-puhdistus-poisto-ja-ohjelmointi\/\" target=\"_self\">\r\n\t\t\t\r\n\t\t\t\t\t\t<img src=\"https:\/\/tehopartners.ee\/wp-content\/uploads\/2018\/10\/klapan.jpg\" alt=\"EGR venttiilin puhdistus, poisto ja ohjelmointi\" \/>\r\n\t\t\t\t\t<\/a>\r\n\t\t\t\t<\/div><!-- end .wpspw-post-image-bg -->\r\n\t\t\t<\/div><!-- end .wpspw-medium-4 -->\r\n\t\t\r\n\t\t<div class=\"wpspw-medium-8 wpspw-columns\">\r\n\t\t\t\r\n\t\t\t\r\n\t\t\t<h2 class=\"wpspw-post-title\">\r\n\t\t\t\r\n\t\t\t\t<a href=\"https:\/\/tehopartners.ee\/fi\/egr-venttiilin-puhdistus-poisto-ja-ohjelmointi\/\" target=\"_self\">EGR venttiilin puhdistus, poisto ja ohjelmointi<\/a>\r\n\t\t\t<\/h2>\r\n\r\n\t\t\t\r\n\t\t\t\t\t\t\r\n\t\t\t\t<div class=\"wpspw-post-content\">\r\n\t\t\t\r\n\t\t\t\t\t\t\t\t\t\t\t\r\n\t\t\t\t\t\t<div><\/div>\r\n\r\n\t\t\t\t\t\t\t\t\t\t<\/div><!-- end .wpspw-post-content -->\r\n\t\t\t\r\n\t\t\t\r\n\t\t<\/div><!-- end .wpspw-columns -->\r\n\t<\/div><!-- end .wpspw-post-list-content -->\r\n<\/div><!-- end .wpspw-post-list -->\r\n<div class=\"wpspw-post-list\">\r\n\r\n\t<div class=\"wpspw-post-list-content\">\r\n\r\n\t\t\t\t\t\r\n\t\t\t<div class=\"wpspw-medium-4 wpspw-columns\">\r\n\r\n\t\t\t\t<div class=\"wpspw-post-image-bg\" style=\"\">\r\n\t\t\t\r\n\t\t\t\t\t<a href=\"https:\/\/tehopartners.ee\/fi\/autovalojen-suuntaus\/\" target=\"_self\">\r\n\t\t\t\r\n\t\t\t\t\t\t<img src=\"https:\/\/tehopartners.ee\/wp-content\/uploads\/2018\/10\/headlight.jpg\" alt=\"Autovalojen suuntaus\" \/>\r\n\t\t\t\t\t<\/a>\r\n\t\t\t\t<\/div><!-- end .wpspw-post-image-bg -->\r\n\t\t\t<\/div><!-- end .wpspw-medium-4 -->\r\n\t\t\r\n\t\t<div class=\"wpspw-medium-8 wpspw-columns\">\r\n\t\t\t\r\n\t\t\t\r\n\t\t\t<h2 class=\"wpspw-post-title\">\r\n\t\t\t\r\n\t\t\t\t<a href=\"https:\/\/tehopartners.ee\/fi\/autovalojen-suuntaus\/\" target=\"_self\">Autovalojen suuntaus<\/a>\r\n\t\t\t<\/h2>\r\n\r\n\t\t\t\r\n\t\t\t\t\t\t\r\n\t\t\t\t<div class=\"wpspw-post-content\">\r\n\t\t\t\r\n\t\t\t\t\t\t\t\t\t\t\t\r\n\t\t\t\t\t\t<div><\/div>\r\n\r\n\t\t\t\t\t\t\t\t\t\t<\/div><!-- end .wpspw-post-content -->\r\n\t\t\t\r\n\t\t\t\r\n\t\t<\/div><!-- end .wpspw-columns -->\r\n\t<\/div><!-- end .wpspw-post-list-content -->\r\n<\/div><!-- end .wpspw-post-list -->\r\n<div class=\"wpspw-post-list\">\r\n\r\n\t<div class=\"wpspw-post-list-content\">\r\n\r\n\t\t\t\t\t\r\n\t\t\t<div class=\"wpspw-medium-4 wpspw-columns\">\r\n\r\n\t\t\t\t<div class=\"wpspw-post-image-bg\" style=\"\">\r\n\t\t\t\r\n\t\t\t\t\t<a href=\"https:\/\/tehopartners.ee\/fi\/chip-tuning\/\" target=\"_self\">\r\n\t\t\t\r\n\t\t\t\t\t\t<img src=\"https:\/\/tehopartners.ee\/wp-content\/uploads\/2018\/10\/chip2.jpg\" alt=\"Chip-tuning\" \/>\r\n\t\t\t\t\t<\/a>\r\n\t\t\t\t<\/div><!-- end .wpspw-post-image-bg -->\r\n\t\t\t<\/div><!-- end .wpspw-medium-4 -->\r\n\t\t\r\n\t\t<div class=\"wpspw-medium-8 wpspw-columns\">\r\n\t\t\t\r\n\t\t\t\r\n\t\t\t<h2 class=\"wpspw-post-title\">\r\n\t\t\t\r\n\t\t\t\t<a href=\"https:\/\/tehopartners.ee\/fi\/chip-tuning\/\" target=\"_self\">Chip-tuning<\/a>\r\n\t\t\t<\/h2>\r\n\r\n\t\t\t\r\n\t\t\t\t\t\t\r\n\t\t\t\t<div class=\"wpspw-post-content\">\r\n\t\t\t\r\n\t\t\t\t\t\t\t\t\t\t\t\r\n\t\t\t\t\t\t<div><\/div>\r\n\r\n\t\t\t\t\t\t\t\t\t\t<\/div><!-- end .wpspw-post-content -->\r\n\t\t\t\r\n\t\t\t\r\n\t\t<\/div><!-- end .wpspw-columns -->\r\n\t<\/div><!-- end .wpspw-post-list-content -->\r\n<\/div><!-- end .wpspw-post-list -->\r\n<div class=\"wpspw-post-list\">\r\n\r\n\t<div class=\"wpspw-post-list-content\">\r\n\r\n\t\t\t\t\t\r\n\t\t\t<div class=\"wpspw-medium-4 wpspw-columns\">\r\n\r\n\t\t\t\t<div class=\"wpspw-post-image-bg\" style=\"\">\r\n\t\t\t\r\n\t\t\t\t\t<a href=\"https:\/\/tehopartners.ee\/fi\/dpf-suodattimen-poisto-ja-ohjelmointi\/\" target=\"_self\">\r\n\t\t\t\r\n\t\t\t\t\t\t<img src=\"https:\/\/tehopartners.ee\/wp-content\/uploads\/2018\/10\/sfilter.jpg\" alt=\"DPF suodattimen poisto ja ohjelmointi\" \/>\r\n\t\t\t\t\t<\/a>\r\n\t\t\t\t<\/div><!-- end .wpspw-post-image-bg -->\r\n\t\t\t<\/div><!-- end .wpspw-medium-4 -->\r\n\t\t\r\n\t\t<div class=\"wpspw-medium-8 wpspw-columns\">\r\n\t\t\t\r\n\t\t\t\r\n\t\t\t<h2 class=\"wpspw-post-title\">\r\n\t\t\t\r\n\t\t\t\t<a href=\"https:\/\/tehopartners.ee\/fi\/dpf-suodattimen-poisto-ja-ohjelmointi\/\" target=\"_self\">DPF suodattimen poisto ja ohjelmointi<\/a>\r\n\t\t\t<\/h2>\r\n\r\n\t\t\t\r\n\t\t\t\t\t\t\r\n\t\t\t\t<div class=\"wpspw-post-content\">\r\n\t\t\t\r\n\t\t\t\t\t\t\t\t\t\t\t\r\n\t\t\t\t\t\t<div><\/div>\r\n\r\n\t\t\t\t\t\t\t\t\t\t<\/div><!-- end .wpspw-post-content -->\r\n\t\t\t\r\n\t\t\t\r\n\t\t<\/div><!-- end .wpspw-columns -->\r\n\t<\/div><!-- end .wpspw-post-list-content -->\r\n<\/div><!-- end .wpspw-post-list -->\r\n<div class=\"wpspw-post-list\">\r\n\r\n\t<div class=\"wpspw-post-list-content\">\r\n\r\n\t\t\t\t\t\r\n\t\t\t<div class=\"wpspw-medium-4 wpspw-columns\">\r\n\r\n\t\t\t\t<div class=\"wpspw-post-image-bg\" style=\"\">\r\n\t\t\t\r\n\t\t\t\t\t<a href=\"https:\/\/tehopartners.ee\/fi\/oljynvaihto\/\" target=\"_self\">\r\n\t\t\t\r\n\t\t\t\t\t\t<img src=\"https:\/\/tehopartners.ee\/wp-content\/uploads\/2019\/01\/kpp-1.jpg\" alt=\"\u00d6ljynvaihto\" \/>\r\n\t\t\t\t\t<\/a>\r\n\t\t\t\t<\/div><!-- end .wpspw-post-image-bg -->\r\n\t\t\t<\/div><!-- end .wpspw-medium-4 -->\r\n\t\t\r\n\t\t<div class=\"wpspw-medium-8 wpspw-columns\">\r\n\t\t\t\r\n\t\t\t\r\n\t\t\t<h2 class=\"wpspw-post-title\">\r\n\t\t\t\r\n\t\t\t\t<a href=\"https:\/\/tehopartners.ee\/fi\/oljynvaihto\/\" target=\"_self\">\u00d6ljynvaihto<\/a>\r\n\t\t\t<\/h2>\r\n\r\n\t\t\t\r\n\t\t\t\t\t\t\r\n\t\t\t\t<div class=\"wpspw-post-content\">\r\n\t\t\t\r\n\t\t\t\t\t\t\t\t\t\t\t\r\n\t\t\t\t\t\t<div>Vaihdamme \u00f6ljyt nopeasti ja laadukkaasti. K\u00e4yt\u00e4mme sek\u00e4 asiakkaan \u00f6ljyj\u00e4 ett\u00e4 meilt\u00e4 ostettuja moottori\u00f6ljyj\u00e4. Hinnat alkaen 15 Eur &nbsp;<\/div>\r\n\r\n\t\t\t\t\t\t\t\t\t\t<\/div><!-- end .wpspw-post-content -->\r\n\t\t\t\r\n\t\t\t\r\n\t\t<\/div><!-- end .wpspw-columns -->\r\n\t<\/div><!-- end .wpspw-post-list-content -->\r\n<\/div><!-- end .wpspw-post-list -->\r\n<div class=\"wpspw-post-list\">\r\n\r\n\t<div class=\"wpspw-post-list-content\">\r\n\r\n\t\t\r\n\t\t<div class=\"wpspw-medium-12 wpspw-columns\">\r\n\t\t\t\r\n\t\t\t\r\n\t\t\t<h2 class=\"wpspw-post-title\">\r\n\t\t\t\r\n\t\t\t\t<a href=\"https:\/\/tehopartners.ee\/fi\/jousituksen-tarkastus-ja-huolto\/\" target=\"_self\">Jousituksen tarkastus ja huolto<\/a>\r\n\t\t\t<\/h2>\r\n\r\n\t\t\t\r\n\t\t\t\t\t\t\r\n\t\t\t\t<div class=\"wpspw-post-content\">\r\n\t\t\t\r\n\t\t\t\t\t\t\t\t\t\t\t\r\n\t\t\t\t\t\t<div><\/div>\r\n\r\n\t\t\t\t\t\t\t\t\t\t<\/div><!-- end .wpspw-post-content -->\r\n\t\t\t\r\n\t\t\t\r\n\t\t<\/div><!-- end .wpspw-columns -->\r\n\t<\/div><!-- end .wpspw-post-list-content -->\r\n<\/div><!-- end .wpspw-post-list -->\r\n<div class=\"wpspw-post-list\">\r\n\r\n\t<div class=\"wpspw-post-list-content\">\r\n\r\n\t\t\r\n\t\t<div class=\"wpspw-medium-12 wpspw-columns\">\r\n\t\t\t\r\n\t\t\t\r\n\t\t\t<h2 class=\"wpspw-post-title\">\r\n\t\t\t\r\n\t\t\t\t<a href=\"https:\/\/tehopartners.ee\/fi\/aanenvaimentimen-huolto-ja-vaihto\/\" target=\"_self\">\u00c4\u00e4nenvaimentimen huolto ja vaihto<\/a>\r\n\t\t\t<\/h2>\r\n\r\n\t\t\t\r\n\t\t\t\t\t\t\r\n\t\t\t\t<div class=\"wpspw-post-content\">\r\n\t\t\t\r\n\t\t\t\t\t\t\t\t\t\t\t\r\n\t\t\t\t\t\t<div><\/div>\r\n\r\n\t\t\t\t\t\t\t\t\t\t<\/div><!-- end .wpspw-post-content -->\r\n\t\t\t\r\n\t\t\t\r\n\t\t<\/div><!-- end .wpspw-columns -->\r\n\t<\/div><!-- end .wpspw-post-list-content -->\r\n<\/div><!-- end .wpspw-post-list -->\r\n<div class=\"wpspw-post-list\">\r\n\r\n\t<div class=\"wpspw-post-list-content\">\r\n\r\n\t\t\r\n\t\t<div class=\"wpspw-medium-12 wpspw-columns\">\r\n\t\t\t\r\n\t\t\t\r\n\t\t\t<h2 class=\"wpspw-post-title\">\r\n\t\t\t\r\n\t\t\t\t<a href=\"https:\/\/tehopartners.ee\/fi\/generaatorin-ja-startin-huolto\/\" target=\"_self\">Generaatorin ja startin huolto<\/a>\r\n\t\t\t<\/h2>\r\n\r\n\t\t\t\r\n\t\t\t\t\t\t\r\n\t\t\t\t<div class=\"wpspw-post-content\">\r\n\t\t\t\r\n\t\t\t\t\t\t\t\t\t\t\t\r\n\t\t\t\t\t\t<div><\/div>\r\n\r\n\t\t\t\t\t\t\t\t\t\t<\/div><!-- end .wpspw-post-content -->\r\n\t\t\t\r\n\t\t\t\r\n\t\t<\/div><!-- end .wpspw-columns -->\r\n\t<\/div><!-- end .wpspw-post-list-content -->\r\n<\/div><!-- end .wpspw-post-list -->\r\n<div class=\"wpspw-post-list\">\r\n\r\n\t<div class=\"wpspw-post-list-content\">\r\n\r\n\t\t\r\n\t\t<div class=\"wpspw-medium-12 wpspw-columns\">\r\n\t\t\t\r\n\t\t\t\r\n\t\t\t<h2 class=\"wpspw-post-title\">\r\n\t\t\t\r\n\t\t\t\t<a href=\"https:\/\/tehopartners.ee\/fi\/kytkimen-korjaus-ja-vaihto\/\" target=\"_self\">Kytkimen korjaus ja vaihto<\/a>\r\n\t\t\t<\/h2>\r\n\r\n\t\t\t\r\n\t\t\t\t\t\t\r\n\t\t\t\t<div class=\"wpspw-post-content\">\r\n\t\t\t\r\n\t\t\t\t\t\t\t\t\t\t\t\r\n\t\t\t\t\t\t<div><\/div>\r\n\r\n\t\t\t\t\t\t\t\t\t\t<\/div><!-- end .wpspw-post-content -->\r\n\t\t\t\r\n\t\t\t\r\n\t\t<\/div><!-- end .wpspw-columns -->\r\n\t<\/div><!-- end .wpspw-post-list-content -->\r\n<\/div><!-- end .wpspw-post-list -->\r\n<div class=\"wpspw-post-list\">\r\n\r\n\t<div class=\"wpspw-post-list-content\">\r\n\r\n\t\t\r\n\t\t<div class=\"wpspw-medium-12 wpspw-columns\">\r\n\t\t\t\r\n\t\t\t\r\n\t\t\t<h2 class=\"wpspw-post-title\">\r\n\t\t\t\r\n\t\t\t\t<a href=\"https:\/\/tehopartners.ee\/fi\/hammashihnan-vaihto\/\" target=\"_self\">Hammashihnan vaihto<\/a>\r\n\t\t\t<\/h2>\r\n\r\n\t\t\t\r\n\t\t\t\t\t\t\r\n\t\t\t\t<div class=\"wpspw-post-content\">\r\n\t\t\t\r\n\t\t\t\t\t\t\t\t\t\t\t\r\n\t\t\t\t\t\t<div>T\u00e4m\u00e4 teksti on valitettavasti saatavilla vain kielill\u00e4: Viro ja Ven\u00e4j\u00e4.<\/div>\r\n\r\n\t\t\t\t\t\t\t\t\t\t<\/div><!-- end .wpspw-post-content -->\r\n\t\t\t\r\n\t\t\t\r\n\t\t<\/div><!-- end .wpspw-columns -->\r\n\t<\/div><!-- end .wpspw-post-list-content -->\r\n<\/div><!-- end .wpspw-post-list -->\r\n<div class=\"wpspw-post-list\">\r\n\r\n\t<div class=\"wpspw-post-list-content\">\r\n\r\n\t\t\r\n\t\t<div class=\"wpspw-medium-12 wpspw-columns\">\r\n\t\t\t\r\n\t\t\t\r\n\t\t\t<h2 class=\"wpspw-post-title\">\r\n\t\t\t\r\n\t\t\t\t<a href=\"https:\/\/tehopartners.ee\/fi\/lisavarusteiden-myynti-ja-asennus\/\" target=\"_self\">Lis\u00e4varusteiden myynti ja asennus<\/a>\r\n\t\t\t<\/h2>\r\n\r\n\t\t\t\r\n\t\t\t\t\t\t\r\n\t\t\t\t<div class=\"wpspw-post-content\">\r\n\t\t\t\r\n\t\t\t\t\t\t\t\t\t\t\t\r\n\t\t\t\t\t\t<div><\/div>\r\n\r\n\t\t\t\t\t\t\t\t\t\t<\/div><!-- end .wpspw-post-content -->\r\n\t\t\t\r\n\t\t\t\r\n\t\t<\/div><!-- end .wpspw-columns -->\r\n\t<\/div><!-- end .wpspw-post-list-content -->\r\n<\/div><!-- end .wpspw-post-list -->\r\n<div class=\"wpspw-post-list\">\r\n\r\n\t<div class=\"wpspw-post-list-content\">\r\n\r\n\t\t\r\n\t\t<div class=\"wpspw-medium-12 wpspw-columns\">\r\n\t\t\t\r\n\t\t\t\r\n\t\t\t<h2 class=\"wpspw-post-title\">\r\n\t\t\t\r\n\t\t\t\t<a href=\"https:\/\/tehopartners.ee\/fi\/vetoauto\/\" target=\"_self\">Vetoauto<\/a>\r\n\t\t\t<\/h2>\r\n\r\n\t\t\t\r\n\t\t\t\t\t\t\r\n\t\t\t\t<div class=\"wpspw-post-content\">\r\n\t\t\t\r\n\t\t\t\t\t\t\t\t\t\t\t\r\n\t\t\t\t\t\t<div><\/div>\r\n\r\n\t\t\t\t\t\t\t\t\t\t<\/div><!-- end .wpspw-post-content -->\r\n\t\t\t\r\n\t\t\t\r\n\t\t<\/div><!-- end .wpspw-columns -->\r\n\t<\/div><!-- end .wpspw-post-list-content -->\r\n<\/div><!-- end .wpspw-post-list -->\r\n<div class=\"wpspw-post-list\">\r\n\r\n\t<div class=\"wpspw-post-list-content\">\r\n\r\n\t\t\r\n\t\t<div class=\"wpspw-medium-12 wpspw-columns\">\r\n\t\t\t\r\n\t\t\t\r\n\t\t\t<h2 class=\"wpspw-post-title\">\r\n\t\t\t\r\n\t\t\t\t<a href=\"https:\/\/tehopartners.ee\/fi\/vuokra-auto\/\" target=\"_self\">Vuokra-auto<\/a>\r\n\t\t\t<\/h2>\r\n\r\n\t\t\t\r\n\t\t\t\t\t\t\r\n\t\t\t\t<div class=\"wpspw-post-content\">\r\n\t\t\t\r\n\t\t\t\t\t\t\t\t\t\t\t\r\n\t\t\t\t\t\t<div><\/div>\r\n\r\n\t\t\t\t\t\t\t\t\t\t<\/div><!-- end .wpspw-post-content -->\r\n\t\t\t\r\n\t\t\t\r\n\t\t<\/div><!-- end .wpspw-columns -->\r\n\t<\/div><!-- end .wpspw-post-list-content -->\r\n<\/div><!-- end .wpspw-post-list -->\r\n\t\t\t\r\n\t<\/div><!-- end .sp_wpspwpost_static -->\r\n\t\r\n[\/vc_column][\/vc_row]<\/p>\n<\/section>","protected":false},"excerpt":{"rendered":"<p>[vc_row][vc_column][\/vc_column][\/vc_row]<\/p>\n","protected":false},"author":1,"featured_media":0,"parent":0,"menu_order":0,"comment_status":"closed","ping_status":"closed","template":"","meta":[],"_links":{"self":[{"href":"https:\/\/tehopartners.ee\/fi\/wp-json\/wp\/v2\/pages\/144"}],"collection":[{"href":"https:\/\/tehopartners.ee\/fi\/wp-json\/wp\/v2\/pages"}],"about":[{"href":"https:\/\/tehopartners.ee\/fi\/wp-json\/wp\/v2\/types\/page"}],"author":[{"embeddable":true,"href":"https:\/\/tehopartners.ee\/fi\/wp-json\/wp\/v2\/users\/1"}],"replies":[{"embeddable":true,"href":"https:\/\/tehopartners.ee\/fi\/wp-json\/wp\/v2\/comments?post=144"}],"version-history":[{"count":0,"href":"https:\/\/tehopartners.ee\/fi\/wp-json\/wp\/v2\/pages\/144\/revisions"}],"wp:attachment":[{"href":"https:\/\/tehopartners.ee\/fi\/wp-json\/wp\/v2\/media?parent=144"}],"curies":[{"name":"wp","href":"https:\/\/api.w.org\/{rel}","templated":true}]}}